{"id":1719,"date":"2025-06-12T10:22:42","date_gmt":"2025-06-12T13:22:42","guid":{"rendered":"https:\/\/duecozinhas.com.br\/site\/?post_type=product&#038;p=1719"},"modified":"2026-02-04T12:02:37","modified_gmt":"2026-02-04T15:02:37","slug":"lavadora-de-copos-netter-nt-100-nt100","status":"publish","type":"product","link":"https:\/\/duecozinhas.com.br\/site\/produto\/lavadora-de-copos-netter-nt-100-nt100\/","title":{"rendered":"Lavadora de Copos Netter NT-100 NT100"},"content":{"rendered":"<p>Projetada especialmente para o dia a dia intenso de bares, cafeterias, cozinhas industriais e restaurantes, a Netter NT-100 \u00e9 a lavadora de copos ideal para quem busca agilidade, padroniza\u00e7\u00e3o e efici\u00eancia no resultado final. Compacta e extremamente funcional, ela entrega copos limpos e com brilho impec\u00e1vel em poucos segundos, reduzindo drasticamente o trabalho manual e o risco de quebras durante o processo de higieniza\u00e7\u00e3o.<\/p>\n<p>Com baixo consumo de \u00e1gua e energia, a NT-100 une tecnologia e economia. Seu ciclo r\u00e1pido de lavagem \u2014 ideal para altos fluxos de atendimento \u2014 garante a rota\u00e7\u00e3o cont\u00ednua dos utens\u00edlios com seguran\u00e7a, mantendo a opera\u00e7\u00e3o sempre fluida. Compacta por fora, potente por dentro, ela eleva o padr\u00e3o de limpeza com temperatura controlada e press\u00e3o ideal, garantindo a higieniza\u00e7\u00e3o completa e a durabilidade dos copos. Um equipamento indispens\u00e1vel para quem valoriza desempenho, praticidade e qualidade no acabamento.<\/p>\n<p>&nbsp;<\/p>\n<p>Caracter\u00edsticas T\u00e9cnicas \u2013 Netter NT-100<br \/>\nCapacidade por ciclo: At\u00e9 40 cestos\/hora<\/p>\n<p>Altura \u00fatil de lavagem: 220 mm<\/p>\n<p>Consumo de \u00e1gua por ciclo: 2,2 litros<\/p>\n<p>Ciclos de lavagem: 90 segundos<\/p>\n<p>Voltagem: 220V \/ Monof\u00e1sico<\/p>\n<p>Pot\u00eancia total: 3,5 kW<\/p>\n<p>Dimens\u00f5es (LxPxA): 470 x 510 x 710 mm<\/p>\n<p>Peso: 43 kg<\/p>\n<p>Temperatura de lavagem: 55 \u00b0C<\/p>\n<p>Temperatura de enx\u00e1gue: 85 \u00b0C<\/p>\n<p>Material: A\u00e7o inox AISI 304<\/p>\n<p>Inclui: 1 cesto para copos<\/p>\n<p>**** Necess\u00e1rio compra de Dispositivos Dosadores (n\u00e3o inclusos)<\/p>\n","protected":false},"excerpt":{"rendered":"<p>Projetada especialmente para o dia a dia intenso de bares, cafeterias, cozinhas industriais e restaurantes, a Netter NT-100 \u00e9 a lavadora de copos ideal para quem busca agilidade, padroniza\u00e7\u00e3o e efici\u00eancia no resultado final. Compacta e extremamente funcional, ela entrega copos limpos e com brilho impec\u00e1vel em poucos segundos, reduzindo drasticamente o trabalho manual e [&hellip;]<\/p>\n","protected":false},"featured_media":1720,"comment_status":"closed","ping_status":"closed","template":"","meta":{"site-sidebar-layout":"default","site-content-layout":"","ast-site-content-layout":"default","site-content-style":"default","site-sidebar-style":"default","ast-global-header-display":"","ast-banner-title-visibility":"","ast-main-header-display":"","ast-hfb-above-header-display":"","ast-hfb-below-header-display":"","ast-hfb-mobile-header-display":"","site-post-title":"","ast-breadcrumbs-content":"","ast-featured-img":"","footer-sml-layout":"","theme-transparent-header-meta":"default","adv-header-id-meta":"","stick-header-meta":"","header-above-stick-meta":"","header-main-stick-meta":"","header-below-stick-meta":"","astra-migrate-meta-layouts":"set","ast-page-background-enabled":"default","ast-page-background-meta":{"desktop":{"background-color":"var(--ast-global-color-4)","background-image":"","background-repeat":"repeat","background-position":"center center","background-size":"auto","background-attachment":"scroll","background-type":"","background-media":"","overlay-type":"","overlay-color":"","overlay-opacity":"","overlay-gradient":""},"tablet":{"background-color":"","background-image":"","background-repeat":"repeat","background-position":"center center","background-size":"auto","background-attachment":"scroll","background-type":"","background-media":"","overlay-type":"","overlay-color":"","overlay-opacity":"","overlay-gradient":""},"mobile":{"background-color":"","background-image":"","background-repeat":"repeat","background-position":"center center","background-size":"auto","background-attachment":"scroll","background-type":"","background-media":"","overlay-type":"","overlay-color":"","overlay-opacity":"","overlay-gradient":""}},"ast-content-background-meta":{"desktop":{"background-color":"var(--ast-global-color-5)","background-image":"","background-repeat":"repeat","background-position":"center center","background-size":"auto","background-attachment":"scroll","background-type":"","background-media":"","overlay-type":"","overlay-color":"","overlay-opacity":"","overlay-gradient":""},"tablet":{"background-color":"var(--ast-global-color-5)","background-image":"","background-repeat":"repeat","background-position":"center center","background-size":"auto","background-attachment":"scroll","background-type":"","background-media":"","overlay-type":"","overlay-color":"","overlay-opacity":"","overlay-gradient":""},"mobile":{"background-color":"var(--ast-global-color-5)","background-image":"","background-repeat":"repeat","background-position":"center center","background-size":"auto","background-attachment":"scroll","background-type":"","background-media":"","overlay-type":"","overlay-color":"","overlay-opacity":"","overlay-gradient":""}},"_joinchat":[]},"product_brand":[],"product_cat":[21],"product_tag":[142,141,145,144,143],"class_list":{"0":"post-1719","1":"product","2":"type-product","3":"status-publish","4":"has-post-thumbnail","6":"product_cat-higienizacao","7":"product_tag-lavadora-nt-100","8":"product_tag-lavadora-de-copos","9":"product_tag-netter-nt-100","10":"product_tag-netter-nt100","11":"product_tag-nt100","12":"desktop-align-left","13":"tablet-align-left","14":"mobile-align-left","16":"first","17":"instock","18":"sale","19":"shipping-taxable","20":"product-type-external"},"_links":{"self":[{"href":"https:\/\/duecozinhas.com.br\/site\/wp-json\/wp\/v2\/product\/1719","targetHints":{"allow":["GET"]}}],"collection":[{"href":"https:\/\/duecozinhas.com.br\/site\/wp-json\/wp\/v2\/product"}],"about":[{"href":"https:\/\/duecozinhas.com.br\/site\/wp-json\/wp\/v2\/types\/product"}],"replies":[{"embeddable":true,"href":"https:\/\/duecozinhas.com.br\/site\/wp-json\/wp\/v2\/comments?post=1719"}],"wp:featuredmedia":[{"embeddable":true,"href":"https:\/\/duecozinhas.com.br\/site\/wp-json\/wp\/v2\/media\/1720"}],"wp:attachment":[{"href":"https:\/\/duecozinhas.com.br\/site\/wp-json\/wp\/v2\/media?parent=1719"}],"wp:term":[{"taxonomy":"product_brand","embeddable":true,"href":"https:\/\/duecozinhas.com.br\/site\/wp-json\/wp\/v2\/product_brand?post=1719"},{"taxonomy":"product_cat","embeddable":true,"href":"https:\/\/duecozinhas.com.br\/site\/wp-json\/wp\/v2\/product_cat?post=1719"},{"taxonomy":"product_tag","embeddable":true,"href":"https:\/\/duecozinhas.com.br\/site\/wp-json\/wp\/v2\/product_tag?post=1719"}],"curies":[{"name":"wp","href":"https:\/\/api.w.org\/{rel}","templated":true}]}}