{"id":1731,"date":"2025-06-12T11:41:09","date_gmt":"2025-06-12T14:41:09","guid":{"rendered":"https:\/\/duecozinhas.com.br\/site\/?post_type=product&#038;p=1731"},"modified":"2025-06-12T11:41:10","modified_gmt":"2025-06-12T14:41:10","slug":"lavadora-de-loucas-netter-nt-810-nt810","status":"publish","type":"product","link":"https:\/\/duecozinhas.com.br\/site\/produto\/lavadora-de-loucas-netter-nt-810-nt810\/","title":{"rendered":"Lavadora de Lou\u00e7as Netter NT-810 NT810"},"content":{"rendered":"<p>A Netter NT-810 \u00e9 a lavadora de cap\u00f4 que une desempenho elevado e tecnologia para atender grandes volumes com efici\u00eancia e padr\u00e3o profissional. Indicada para cozinhas industriais com alta demanda, ela se destaca pela opera\u00e7\u00e3o cont\u00ednua, ergonomia e economia nos processos de lavagem.<\/p>\n<p>Com ciclos inteligentes e consumo reduzido de \u00e1gua, a NT-810 assegura utens\u00edlios impec\u00e1veis, promovendo produtividade, padroniza\u00e7\u00e3o e seguran\u00e7a sanit\u00e1ria. Seu design refor\u00e7ado em a\u00e7o inox e a facilidade na opera\u00e7\u00e3o tornam essa lavadora uma aliada indispens\u00e1vel em ambientes exigentes e intensivos.<\/p>\n<p>Caracter\u00edsticas T\u00e9cnicas:<\/p>\n<p>Modelo: NT-810<\/p>\n<p>Tipo: Lavadora de Cap\u00f4 (Abertura Superior)<\/p>\n<p>Capacidade de Lavagem: At\u00e9 70 cestos\/hora<\/p>\n<p>Material: A\u00e7o inoxid\u00e1vel AISI 304<\/p>\n<p>Ciclos de Lavagem: Curto (60s), M\u00e9dio (90s), Longo (120s)<\/p>\n<p>Consumo de \u00c1gua: M\u00e9dia de 2,4 litros por ciclo<\/p>\n<p>Temperatura de Enx\u00e1gue: At\u00e9 85\u00b0C<\/p>\n<p>Dimens\u00f5es (LxPxA): 750 x 850 x 1500 mm<\/p>\n<p>Alimenta\u00e7\u00e3o El\u00e9trica: 220V \/ 380V trif\u00e1sico<\/p>\n<p>Pot\u00eancia Total: 9,5 kW<\/p>\n<p>Peso Aproximado: 135 kg<\/p>\n","protected":false},"excerpt":{"rendered":"<p>A Netter NT-810 \u00e9 a lavadora de cap\u00f4 que une desempenho elevado e tecnologia para atender grandes volumes com efici\u00eancia e padr\u00e3o profissional. Indicada para cozinhas industriais com alta demanda, ela se destaca pela opera\u00e7\u00e3o cont\u00ednua, ergonomia e economia nos processos de lavagem. Com ciclos inteligentes e consumo reduzido de \u00e1gua, a NT-810 assegura utens\u00edlios [&hellip;]<\/p>\n","protected":false},"featured_media":1733,"comment_status":"closed","ping_status":"closed","template":"","meta":{"site-sidebar-layout":"default","site-content-layout":"","ast-site-content-layout":"default","site-content-style":"default","site-sidebar-style":"default","ast-global-header-display":"","ast-banner-title-visibility":"","ast-main-header-display":"","ast-hfb-above-header-display":"","ast-hfb-below-header-display":"","ast-hfb-mobile-header-display":"","site-post-title":"","ast-breadcrumbs-content":"","ast-featured-img":"","footer-sml-layout":"","theme-transparent-header-meta":"default","adv-header-id-meta":"","stick-header-meta":"","header-above-stick-meta":"","header-main-stick-meta":"","header-below-stick-meta":"","astra-migrate-meta-layouts":"set","ast-page-background-enabled":"default","ast-page-background-meta":{"desktop":{"background-color":"var(--ast-global-color-4)","background-image":"","background-repeat":"repeat","background-position":"center center","background-size":"auto","background-attachment":"scroll","background-type":"","background-media":"","overlay-type":"","overlay-color":"","overlay-opacity":"","overlay-gradient":""},"tablet":{"background-color":"","background-image":"","background-repeat":"repeat","background-position":"center center","background-size":"auto","background-attachment":"scroll","background-type":"","background-media":"","overlay-type":"","overlay-color":"","overlay-opacity":"","overlay-gradient":""},"mobile":{"background-color":"","background-image":"","background-repeat":"repeat","background-position":"center center","background-size":"auto","background-attachment":"scroll","background-type":"","background-media":"","overlay-type":"","overlay-color":"","overlay-opacity":"","overlay-gradient":""}},"ast-content-background-meta":{"desktop":{"background-color":"var(--ast-global-color-5)","background-image":"","background-repeat":"repeat","background-position":"center center","background-size":"auto","background-attachment":"scroll","background-type":"","background-media":"","overlay-type":"","overlay-color":"","overlay-opacity":"","overlay-gradient":""},"tablet":{"background-color":"var(--ast-global-color-5)","background-image":"","background-repeat":"repeat","background-position":"center center","background-size":"auto","background-attachment":"scroll","background-type":"","background-media":"","overlay-type":"","overlay-color":"","overlay-opacity":"","overlay-gradient":""},"mobile":{"background-color":"var(--ast-global-color-5)","background-image":"","background-repeat":"repeat","background-position":"center center","background-size":"auto","background-attachment":"scroll","background-type":"","background-media":"","overlay-type":"","overlay-color":"","overlay-opacity":"","overlay-gradient":""}},"_joinchat":[]},"product_brand":[],"product_cat":[21],"product_tag":[157,158,160,159],"class_list":{"0":"post-1731","1":"product","2":"type-product","3":"status-publish","4":"has-post-thumbnail","6":"product_cat-higienizacao","7":"product_tag-lavadora-de-loucas-industrial-netter-nt810","8":"product_tag-lavadora-de-loucas-netter-nt810","9":"product_tag-lavadora-netter-nt-810","10":"product_tag-lavadora-netter-nt810","11":"desktop-align-left","12":"tablet-align-left","13":"mobile-align-left","15":"first","16":"instock","17":"shipping-taxable","18":"product-type-external"},"_links":{"self":[{"href":"https:\/\/duecozinhas.com.br\/site\/wp-json\/wp\/v2\/product\/1731","targetHints":{"allow":["GET"]}}],"collection":[{"href":"https:\/\/duecozinhas.com.br\/site\/wp-json\/wp\/v2\/product"}],"about":[{"href":"https:\/\/duecozinhas.com.br\/site\/wp-json\/wp\/v2\/types\/product"}],"replies":[{"embeddable":true,"href":"https:\/\/duecozinhas.com.br\/site\/wp-json\/wp\/v2\/comments?post=1731"}],"wp:featuredmedia":[{"embeddable":true,"href":"https:\/\/duecozinhas.com.br\/site\/wp-json\/wp\/v2\/media\/1733"}],"wp:attachment":[{"href":"https:\/\/duecozinhas.com.br\/site\/wp-json\/wp\/v2\/media?parent=1731"}],"wp:term":[{"taxonomy":"product_brand","embeddable":true,"href":"https:\/\/duecozinhas.com.br\/site\/wp-json\/wp\/v2\/product_brand?post=1731"},{"taxonomy":"product_cat","embeddable":true,"href":"https:\/\/duecozinhas.com.br\/site\/wp-json\/wp\/v2\/product_cat?post=1731"},{"taxonomy":"product_tag","embeddable":true,"href":"https:\/\/duecozinhas.com.br\/site\/wp-json\/wp\/v2\/product_tag?post=1731"}],"curies":[{"name":"wp","href":"https:\/\/api.w.org\/{rel}","templated":true}]}}