{"id":1743,"date":"2025-06-12T12:48:58","date_gmt":"2025-06-12T15:48:58","guid":{"rendered":"https:\/\/duecozinhas.com.br\/site\/?post_type=product&#038;p=1743"},"modified":"2026-01-08T10:23:37","modified_gmt":"2026-01-08T13:23:37","slug":"ultra-congelador-klimaquip-klimapro-m","status":"publish","type":"product","link":"https:\/\/duecozinhas.com.br\/site\/produto\/ultra-congelador-klimaquip-klimapro-m\/","title":{"rendered":"Ultra Congelador Klimaquip Klimapro M"},"content":{"rendered":"<p>O Klimapro M \u00e9 o modelo intermedi\u00e1rio da linha profissional da Klimaquip, projetado para opera\u00e7\u00f5es que demandam maior capacidade sem abrir m\u00e3o de precis\u00e3o e tecnologia. Ideal para cozinhas industriais, padarias, restaurantes por quilo, dark kitchens e centrais de preparo, esse equipamento traz agilidade e controle aos processos de resfriamento e congelamento.<\/p>\n<p>Sua opera\u00e7\u00e3o intuitiva, aliada \u00e0 confiabilidade t\u00e9rmica e \u00e0 estrutura robusta, garante ciclos eficientes, economia de insumos e m\u00e1xima conserva\u00e7\u00e3o dos alimentos.<\/p>\n<p>&nbsp;<\/p>\n<p>Caracter\u00edsticas T\u00e9cnicas:<\/p>\n<p>Modelo: Klimapro M<\/p>\n<p>Capacidade: 14 n\u00edveis GN 1\/1 ou 600 x 400 mm<\/p>\n<p>Fun\u00e7\u00f5es: Resfriamento r\u00e1pido (+90\u202f\u00b0C a +3\u202f\u00b0C) e ultra congelamento (+90\u202f\u00b0C a -18\u202f\u00b0C)<\/p>\n<p>Tempo M\u00e9dio:<\/p>\n<p>Resfriamento: at\u00e9 90 minutos<\/p>\n<p>Ultra Congelamento: at\u00e9 240 minutos<\/p>\n<p>Painel: Eletr\u00f4nico com sonda de n\u00facleo<\/p>\n<p>G\u00e1s Refrigerante: R-452A<\/p>\n<p>Voltagem: 220 V monof\u00e1sico<\/p>\n<p>Dimens\u00f5es (LxPxA): 750 x 830 x 1740 mm (aproximadamente)<\/p>\n<p>Peso: 180 kg (aproximadamente)<\/p>\n<p>Estrutura: A\u00e7o inox AISI 304<\/p>\n","protected":false},"excerpt":{"rendered":"<p>O Klimapro M \u00e9 o modelo intermedi\u00e1rio da linha profissional da Klimaquip, projetado para opera\u00e7\u00f5es que demandam maior capacidade sem abrir m\u00e3o de precis\u00e3o e tecnologia. Ideal para cozinhas industriais, padarias, restaurantes por quilo, dark kitchens e centrais de preparo, esse equipamento traz agilidade e controle aos processos de resfriamento e congelamento. Sua opera\u00e7\u00e3o intuitiva, [&hellip;]<\/p>\n","protected":false},"featured_media":1739,"comment_status":"closed","ping_status":"closed","template":"","meta":{"site-sidebar-layout":"default","site-content-layout":"","ast-site-content-layout":"default","site-content-style":"default","site-sidebar-style":"default","ast-global-header-display":"","ast-banner-title-visibility":"","ast-main-header-display":"","ast-hfb-above-header-display":"","ast-hfb-below-header-display":"","ast-hfb-mobile-header-display":"","site-post-title":"","ast-breadcrumbs-content":"","ast-featured-img":"","footer-sml-layout":"","theme-transparent-header-meta":"default","adv-header-id-meta":"","stick-header-meta":"","header-above-stick-meta":"","header-main-stick-meta":"","header-below-stick-meta":"","astra-migrate-meta-layouts":"set","ast-page-background-enabled":"default","ast-page-background-meta":{"desktop":{"background-color":"var(--ast-global-color-4)","background-image":"","background-repeat":"repeat","background-position":"center center","background-size":"auto","background-attachment":"scroll","background-type":"","background-media":"","overlay-type":"","overlay-color":"","overlay-opacity":"","overlay-gradient":""},"tablet":{"background-color":"","background-image":"","background-repeat":"repeat","background-position":"center center","background-size":"auto","background-attachment":"scroll","background-type":"","background-media":"","overlay-type":"","overlay-color":"","overlay-opacity":"","overlay-gradient":""},"mobile":{"background-color":"","background-image":"","background-repeat":"repeat","background-position":"center center","background-size":"auto","background-attachment":"scroll","background-type":"","background-media":"","overlay-type":"","overlay-color":"","overlay-opacity":"","overlay-gradient":""}},"ast-content-background-meta":{"desktop":{"background-color":"var(--ast-global-color-5)","background-image":"","background-repeat":"repeat","background-position":"center center","background-size":"auto","background-attachment":"scroll","background-type":"","background-media":"","overlay-type":"","overlay-color":"","overlay-opacity":"","overlay-gradient":""},"tablet":{"background-color":"var(--ast-global-color-5)","background-image":"","background-repeat":"repeat","background-position":"center center","background-size":"auto","background-attachment":"scroll","background-type":"","background-media":"","overlay-type":"","overlay-color":"","overlay-opacity":"","overlay-gradient":""},"mobile":{"background-color":"var(--ast-global-color-5)","background-image":"","background-repeat":"repeat","background-position":"center center","background-size":"auto","background-attachment":"scroll","background-type":"","background-media":"","overlay-type":"","overlay-color":"","overlay-opacity":"","overlay-gradient":""}},"_joinchat":[]},"product_brand":[],"product_cat":[139,17,31],"product_tag":[176,174,177,168,175,170,169],"class_list":{"0":"post-1743","1":"product","2":"type-product","3":"status-publish","4":"has-post-thumbnail","6":"product_cat-ultracongeladores","7":"product_cat-preparo-e-processamento","8":"product_cat-refrigeracao","9":"product_tag-klimaprom","10":"product_tag-klimapros","11":"product_tag-ultra-congelador","12":"product_tag-ultra-congelador-7gns","13":"product_tag-ultra-congelador-klimapro-m","14":"product_tag-ultra-congelador-klimaquip","15":"product_tag-ultra-congelador-pratica","16":"desktop-align-left","17":"tablet-align-left","18":"mobile-align-left","20":"first","21":"instock","22":"shipping-taxable","23":"product-type-external"},"_links":{"self":[{"href":"https:\/\/duecozinhas.com.br\/site\/wp-json\/wp\/v2\/product\/1743","targetHints":{"allow":["GET"]}}],"collection":[{"href":"https:\/\/duecozinhas.com.br\/site\/wp-json\/wp\/v2\/product"}],"about":[{"href":"https:\/\/duecozinhas.com.br\/site\/wp-json\/wp\/v2\/types\/product"}],"replies":[{"embeddable":true,"href":"https:\/\/duecozinhas.com.br\/site\/wp-json\/wp\/v2\/comments?post=1743"}],"wp:featuredmedia":[{"embeddable":true,"href":"https:\/\/duecozinhas.com.br\/site\/wp-json\/wp\/v2\/media\/1739"}],"wp:attachment":[{"href":"https:\/\/duecozinhas.com.br\/site\/wp-json\/wp\/v2\/media?parent=1743"}],"wp:term":[{"taxonomy":"product_brand","embeddable":true,"href":"https:\/\/duecozinhas.com.br\/site\/wp-json\/wp\/v2\/product_brand?post=1743"},{"taxonomy":"product_cat","embeddable":true,"href":"https:\/\/duecozinhas.com.br\/site\/wp-json\/wp\/v2\/product_cat?post=1743"},{"taxonomy":"product_tag","embeddable":true,"href":"https:\/\/duecozinhas.com.br\/site\/wp-json\/wp\/v2\/product_tag?post=1743"}],"curies":[{"name":"wp","href":"https:\/\/api.w.org\/{rel}","templated":true}]}}