{"id":209,"date":"2023-08-04T16:52:50","date_gmt":"2023-08-04T19:52:50","guid":{"rendered":"https:\/\/duecozinhas.com.br\/site\/?post_type=product&#038;p=209"},"modified":"2026-02-04T12:03:48","modified_gmt":"2026-02-04T15:03:48","slug":"seladora-embaladora-a-vacuo-sulpack-svc-400","status":"publish","type":"product","link":"https:\/\/duecozinhas.com.br\/site\/produto\/seladora-embaladora-a-vacuo-sulpack-svc-400\/","title":{"rendered":"Seladora Embaladora a V\u00e1cuo Sulpack SVC 400"},"content":{"rendered":"<p>A Seladora Sulpack SVC 400 \u00e9 a solu\u00e7\u00e3o perfeita para manter a qualidade e a seguran\u00e7a de seus produtos. Com alta efici\u00eancia e facilidade de uso, essa seladora a v\u00e1cuo \u00e9 ideal para fechar embalagens de alimentos, produtos industriais e muito mais. Seu design compacto e dur\u00e1vel garante um desempenho consistente, proporcionando um selamento seguro e confi\u00e1vel em todos os tipos de materiais. Eleve a prote\u00e7\u00e3o e organiza\u00e7\u00e3o de sua opera\u00e7\u00e3o com a Embaladora a V\u00e1cuo Sulpack SVC 400!<\/p>\n<p>Caracter\u00edsticas T\u00e9cnicas:<\/p>\n<p>\u00c1rea de Selagem: 400mm<br \/>\nVoltagem: 220V<br \/>\nPot\u00eancia: 500W<br \/>\nPeso: 9 kg<br \/>\nDimens\u00f5es (Comprimento x Largura x Altura): 470mm x 350mm x 225mm<\/p>\n","protected":false},"excerpt":{"rendered":"<p>Seguran\u00e7a e Praticidade<\/p>\n[embed]https:\/\/youtu.be\/VV7Ysw0Hw6s[\/embed]\n","protected":false},"featured_media":215,"comment_status":"closed","ping_status":"closed","template":"","meta":{"site-sidebar-layout":"default","site-content-layout":"default","ast-site-content-layout":"default","site-content-style":"default","site-sidebar-style":"default","ast-global-header-display":"","ast-banner-title-visibility":"","ast-main-header-display":"","ast-hfb-above-header-display":"","ast-hfb-below-header-display":"","ast-hfb-mobile-header-display":"","site-post-title":"","ast-breadcrumbs-content":"","ast-featured-img":"","footer-sml-layout":"","theme-transparent-header-meta":"default","adv-header-id-meta":"","stick-header-meta":"","header-above-stick-meta":"","header-main-stick-meta":"","header-below-stick-meta":"","astra-migrate-meta-layouts":"set","ast-page-background-enabled":"default","ast-page-background-meta":{"desktop":{"background-color":"var(--ast-global-color-4)","background-image":"","background-repeat":"repeat","background-position":"center center","background-size":"auto","background-attachment":"scroll","background-type":"","background-media":"","overlay-type":"","overlay-color":"","overlay-opacity":"","overlay-gradient":""},"tablet":{"background-color":"","background-image":"","background-repeat":"repeat","background-position":"center center","background-size":"auto","background-attachment":"scroll","background-type":"","background-media":"","overlay-type":"","overlay-color":"","overlay-opacity":"","overlay-gradient":""},"mobile":{"background-color":"","background-image":"","background-repeat":"repeat","background-position":"center center","background-size":"auto","background-attachment":"scroll","background-type":"","background-media":"","overlay-type":"","overlay-color":"","overlay-opacity":"","overlay-gradient":""}},"ast-content-background-meta":{"desktop":{"background-color":"var(--ast-global-color-5)","background-image":"","background-repeat":"repeat","background-position":"center center","background-size":"auto","background-attachment":"scroll","background-type":"","background-media":"","overlay-type":"","overlay-color":"","overlay-opacity":"","overlay-gradient":""},"tablet":{"background-color":"var(--ast-global-color-5)","background-image":"","background-repeat":"repeat","background-position":"center center","background-size":"auto","background-attachment":"scroll","background-type":"","background-media":"","overlay-type":"","overlay-color":"","overlay-opacity":"","overlay-gradient":""},"mobile":{"background-color":"var(--ast-global-color-5)","background-image":"","background-repeat":"repeat","background-position":"center center","background-size":"auto","background-attachment":"scroll","background-type":"","background-media":"","overlay-type":"","overlay-color":"","overlay-opacity":"","overlay-gradient":""}},"_joinchat":[]},"product_brand":[],"product_cat":[20],"product_tag":[],"class_list":{"0":"post-209","1":"product","2":"type-product","3":"status-publish","4":"has-post-thumbnail","6":"product_cat-embalagem","7":"desktop-align-left","8":"tablet-align-left","9":"mobile-align-left","11":"first","12":"instock","13":"sale","14":"shipping-taxable","15":"product-type-external"},"_links":{"self":[{"href":"https:\/\/duecozinhas.com.br\/site\/wp-json\/wp\/v2\/product\/209","targetHints":{"allow":["GET"]}}],"collection":[{"href":"https:\/\/duecozinhas.com.br\/site\/wp-json\/wp\/v2\/product"}],"about":[{"href":"https:\/\/duecozinhas.com.br\/site\/wp-json\/wp\/v2\/types\/product"}],"replies":[{"embeddable":true,"href":"https:\/\/duecozinhas.com.br\/site\/wp-json\/wp\/v2\/comments?post=209"}],"wp:featuredmedia":[{"embeddable":true,"href":"https:\/\/duecozinhas.com.br\/site\/wp-json\/wp\/v2\/media\/215"}],"wp:attachment":[{"href":"https:\/\/duecozinhas.com.br\/site\/wp-json\/wp\/v2\/media?parent=209"}],"wp:term":[{"taxonomy":"product_brand","embeddable":true,"href":"https:\/\/duecozinhas.com.br\/site\/wp-json\/wp\/v2\/product_brand?post=209"},{"taxonomy":"product_cat","embeddable":true,"href":"https:\/\/duecozinhas.com.br\/site\/wp-json\/wp\/v2\/product_cat?post=209"},{"taxonomy":"product_tag","embeddable":true,"href":"https:\/\/duecozinhas.com.br\/site\/wp-json\/wp\/v2\/product_tag?post=209"}],"curies":[{"name":"wp","href":"https:\/\/api.w.org\/{rel}","templated":true}]}}