{"id":236,"date":"2023-08-05T02:18:59","date_gmt":"2023-08-05T05:18:59","guid":{"rendered":"https:\/\/duecozinhas.com.br\/site\/?post_type=product&#038;p=236"},"modified":"2023-08-05T23:43:14","modified_gmt":"2023-08-06T02:43:14","slug":"balcao-refrigerado-horizontal-3-portas-190m-em-aco-inox-com-condimentadora","status":"publish","type":"product","link":"https:\/\/duecozinhas.com.br\/site\/produto\/balcao-refrigerado-horizontal-3-portas-190m-em-aco-inox-com-condimentadora\/","title":{"rendered":"Balc\u00e3o Refrigerado Horizontal 3 Portas 1,90m em A\u00e7o Inox Condimentadora"},"content":{"rendered":"<p>O Balc\u00e3o Refrigerado Horizontal de 3 Portas com 1,90m e Pista Refrigerada Tipo Condimentadora (nas op\u00e7\u00f5es sobrepor, embutida, ou rebaixada). \u00c9 o equipamento perfeito esta\u00e7\u00f5es de montagem refrigeradas, Mis En Place, e Montagem Final de Pratos. Sua estrutura em a\u00e7o inox por dentro e por fora proporciona resist\u00eancia e durabilidade, garantindo uma higiene impec\u00e1vel e facilidade na limpeza. Com um sistema de evaporador em ar for\u00e7ado, o balc\u00e3o assegura uma distribui\u00e7\u00e3o uniforme de temperatura, evitando varia\u00e7\u00f5es indesejadas nos alimentos.<\/p>\n<p>O isolamento em poliuretano injetado tipo monobloco confere efici\u00eancia energ\u00e9tica, mantendo a temperatura interna est\u00e1vel e reduzindo o consumo de energia. A cabine com unidade condensadora oferece praticidade e agilidade no funcionamento, garantindo o pleno desempenho do balc\u00e3o em qualquer ambiente.<\/p>\n<p>Esse equipamento tipo make-table \u00e9 perfeito para opera\u00e7\u00f5es de giro r\u00e1pido, com montagem de produtos como pizzas, pratos a la carte, card\u00e1pio de hotelaria, redes, franquias de alimenta\u00e7\u00e3o, shopping, entre outros.<\/p>\n<p>Caracter\u00edsticas T\u00e9cnicas:<br \/>\nResfriado ou Congelados (Opcional)<br \/>\nMaterial Interno e Externo: A\u00e7o Inox<br \/>\nSistema de Refrigera\u00e7\u00e3o: Evaporador em Ar For\u00e7ado<br \/>\nIsolamento: Poliuretano Injetado Tipo Monobloco<br \/>\nVoltagem: 220V<br \/>\nDimens\u00f5es (Comprimento x Largura x Altura): 1,90 x 0,70 x 1,35 (Op\u00e7\u00e3o &#8211; 0,90 embutida, ou 1,10 sobreposta)<br \/>\nPeso: 122 Kg<\/p>\n","protected":false},"excerpt":{"rendered":"<p>Agilidade na Montagem de Pratos &#8211; Mis en Place<\/p>\n","protected":false},"featured_media":237,"comment_status":"closed","ping_status":"closed","template":"","meta":{"site-sidebar-layout":"default","site-content-layout":"default","ast-site-content-layout":"","site-content-style":"default","site-sidebar-style":"default","ast-global-header-display":"","ast-banner-title-visibility":"","ast-main-header-display":"","ast-hfb-above-header-display":"","ast-hfb-below-header-display":"","ast-hfb-mobile-header-display":"","site-post-title":"","ast-breadcrumbs-content":"","ast-featured-img":"","footer-sml-layout":"","theme-transparent-header-meta":"default","adv-header-id-meta":"","stick-header-meta":"","header-above-stick-meta":"","header-main-stick-meta":"","header-below-stick-meta":"","astra-migrate-meta-layouts":"default","ast-page-background-enabled":"default","ast-page-background-meta":{"desktop":{"background-color":"var(--ast-global-color-4)","background-image":"","background-repeat":"repeat","background-position":"center center","background-size":"auto","background-attachment":"scroll","background-type":"","background-media":"","overlay-type":"","overlay-color":"","overlay-opacity":"","overlay-gradient":""},"tablet":{"background-color":"","background-image":"","background-repeat":"repeat","background-position":"center center","background-size":"auto","background-attachment":"scroll","background-type":"","background-media":"","overlay-type":"","overlay-color":"","overlay-opacity":"","overlay-gradient":""},"mobile":{"background-color":"","background-image":"","background-repeat":"repeat","background-position":"center center","background-size":"auto","background-attachment":"scroll","background-type":"","background-media":"","overlay-type":"","overlay-color":"","overlay-opacity":"","overlay-gradient":""}},"ast-content-background-meta":{"desktop":{"background-color":"var(--ast-global-color-5)","background-image":"","background-repeat":"repeat","background-position":"center center","background-size":"auto","background-attachment":"scroll","background-type":"","background-media":"","overlay-type":"","overlay-color":"","overlay-opacity":"","overlay-gradient":""},"tablet":{"background-color":"var(--ast-global-color-5)","background-image":"","background-repeat":"repeat","background-position":"center center","background-size":"auto","background-attachment":"scroll","background-type":"","background-media":"","overlay-type":"","overlay-color":"","overlay-opacity":"","overlay-gradient":""},"mobile":{"background-color":"var(--ast-global-color-5)","background-image":"","background-repeat":"repeat","background-position":"center center","background-size":"auto","background-attachment":"scroll","background-type":"","background-media":"","overlay-type":"","overlay-color":"","overlay-opacity":"","overlay-gradient":""}},"_joinchat":[]},"product_brand":[],"product_cat":[31],"product_tag":[],"class_list":{"0":"post-236","1":"product","2":"type-product","3":"status-publish","4":"has-post-thumbnail","6":"product_cat-refrigeracao","7":"desktop-align-left","8":"tablet-align-left","9":"mobile-align-left","11":"first","12":"instock","13":"shipping-taxable","14":"product-type-external"},"_links":{"self":[{"href":"https:\/\/duecozinhas.com.br\/site\/wp-json\/wp\/v2\/product\/236","targetHints":{"allow":["GET"]}}],"collection":[{"href":"https:\/\/duecozinhas.com.br\/site\/wp-json\/wp\/v2\/product"}],"about":[{"href":"https:\/\/duecozinhas.com.br\/site\/wp-json\/wp\/v2\/types\/product"}],"replies":[{"embeddable":true,"href":"https:\/\/duecozinhas.com.br\/site\/wp-json\/wp\/v2\/comments?post=236"}],"wp:featuredmedia":[{"embeddable":true,"href":"https:\/\/duecozinhas.com.br\/site\/wp-json\/wp\/v2\/media\/237"}],"wp:attachment":[{"href":"https:\/\/duecozinhas.com.br\/site\/wp-json\/wp\/v2\/media?parent=236"}],"wp:term":[{"taxonomy":"product_brand","embeddable":true,"href":"https:\/\/duecozinhas.com.br\/site\/wp-json\/wp\/v2\/product_brand?post=236"},{"taxonomy":"product_cat","embeddable":true,"href":"https:\/\/duecozinhas.com.br\/site\/wp-json\/wp\/v2\/product_cat?post=236"},{"taxonomy":"product_tag","embeddable":true,"href":"https:\/\/duecozinhas.com.br\/site\/wp-json\/wp\/v2\/product_tag?post=236"}],"curies":[{"name":"wp","href":"https:\/\/api.w.org\/{rel}","templated":true}]}}