{"id":310,"date":"2023-08-06T23:10:24","date_gmt":"2023-08-07T02:10:24","guid":{"rendered":"https:\/\/duecozinhas.com.br\/site\/?post_type=product&#038;p=310"},"modified":"2023-08-06T23:10:24","modified_gmt":"2023-08-07T02:10:24","slug":"frigideira-industrial-basculante-eletrica-gas","status":"publish","type":"product","link":"https:\/\/duecozinhas.com.br\/site\/produto\/frigideira-industrial-basculante-eletrica-gas\/","title":{"rendered":"Frigideira Industrial Basculante &#8211; El\u00e9trica \/ G\u00e1s"},"content":{"rendered":"<p>Apresentamos a Frigideira Industrial Basculante de 40 litros, a aliada indispens\u00e1vel para elevar sua produ\u00e7\u00e3o culin\u00e1ria a outro n\u00edvel. Com capacidade de lidar com volumes generosos, esta frigideira robusta \u00e9 projetada para oferecer resultados de alta qualidade, seja em restaurantes movimentados, cozinhas industriais ou eventos gastron\u00f4micos de grande porte.<\/p>\n<p>Seu design inteligente permite uma distribui\u00e7\u00e3o uniforme do calor, garantindo um cozimento perfeito em cada por\u00e7\u00e3o. A funcionalidade basculante proporciona praticidade na hora de escoar l\u00edquidos e alimentos, tornando o processo mais eficiente e seguro.<\/p>\n<p>Al\u00e9m disso, a estrutura em a\u00e7o inoxid\u00e1vel assegura durabilidade excepcional, facilitando tamb\u00e9m a limpeza ap\u00f3s o uso. Com controles precisos, a frigideira oferece total dom\u00ednio sobre a temperatura, permitindo que suas receitas sejam executadas com precis\u00e3o e consist\u00eancia, independente do volume e produ\u00e7\u00e3o!<\/p>\n<p>Seja voc\u00ea um Operador de cozinha industrial ou a Nutricionista Respons\u00e1vel pelo Site, a Frigideira Industrial Basculante \u00e9 a escolha ideal para enfrentar os desafios de uma cozinha profissional. Garantindo o melhor sabor e efici\u00eancia para sua opera\u00e7\u00e3o com esse equipamento de alta performance.<\/p>\n<p>Equipamento  executado  em  a\u00e7o  inoxid\u00e1vel  AISI-304.  Estrutura  extra-refor\u00e7ada  em  perfis  de  a\u00e7o carbono tratado. Tanque constru\u00eddo em chapa de a\u00e7o inoxid\u00e1vel  AISI-304, com fundo  em a\u00e7o laminado, cantos  arredondados  e  bico  vazador.  Sistema  de  acionamento  basculante  acionado  por  volante especial e tratamento em baquelite, com rolamentos blindados. Tampa superior em a\u00e7o inoxid\u00e1vel de abertura  radial  e  sistema  amortecedor.  Queimadores  industriais  de  alto  rendimento  a  g\u00e1s  em  a\u00e7o<br \/>\nespecial, com chama dupla. Sistema de acendimento autom\u00e1tico por chama piloto. Estrutura de apoio em  tubo  de  a\u00e7o  tratado.  Sapatas  niveladoras.<\/p>\n<p>Capacidades: 40L, 60L ou 80 Litros.<br \/>\nConsumo  &#8211;  1,2  Kg\/h  a  3,6Kg\/h  (GLP  ou  GN)<\/p>\n<p><em>**** Para plataformas, remote sites e offshore &#8211; equipamento pode ser solicitado na vers\u00e3o El\u00e9trica:<br \/>\n      <strong>>> Frigideira Industrial Basculante El\u00e9trica &#8211; 40L 60L ou 80L<\/strong><\/em><\/p>\n","protected":false},"excerpt":{"rendered":"<p>Pot\u00eancia, Efici\u00eancia e Inova\u00e7\u00e3o<\/p>\n","protected":false},"featured_media":311,"comment_status":"closed","ping_status":"closed","template":"","meta":{"site-sidebar-layout":"default","site-content-layout":"default","ast-site-content-layout":"","site-content-style":"default","site-sidebar-style":"default","ast-global-header-display":"","ast-banner-title-visibility":"","ast-main-header-display":"","ast-hfb-above-header-display":"","ast-hfb-below-header-display":"","ast-hfb-mobile-header-display":"","site-post-title":"","ast-breadcrumbs-content":"","ast-featured-img":"","footer-sml-layout":"","theme-transparent-header-meta":"default","adv-header-id-meta":"","stick-header-meta":"","header-above-stick-meta":"","header-main-stick-meta":"","header-below-stick-meta":"","astra-migrate-meta-layouts":"default","ast-page-background-enabled":"default","ast-page-background-meta":{"desktop":{"background-color":"var(--ast-global-color-4)","background-image":"","background-repeat":"repeat","background-position":"center center","background-size":"auto","background-attachment":"scroll","background-type":"","background-media":"","overlay-type":"","overlay-color":"","overlay-opacity":"","overlay-gradient":""},"tablet":{"background-color":"","background-image":"","background-repeat":"repeat","background-position":"center center","background-size":"auto","background-attachment":"scroll","background-type":"","background-media":"","overlay-type":"","overlay-color":"","overlay-opacity":"","overlay-gradient":""},"mobile":{"background-color":"","background-image":"","background-repeat":"repeat","background-position":"center center","background-size":"auto","background-attachment":"scroll","background-type":"","background-media":"","overlay-type":"","overlay-color":"","overlay-opacity":"","overlay-gradient":""}},"ast-content-background-meta":{"desktop":{"background-color":"var(--ast-global-color-5)","background-image":"","background-repeat":"repeat","background-position":"center center","background-size":"auto","background-attachment":"scroll","background-type":"","background-media":"","overlay-type":"","overlay-color":"","overlay-opacity":"","overlay-gradient":""},"tablet":{"background-color":"var(--ast-global-color-5)","background-image":"","background-repeat":"repeat","background-position":"center center","background-size":"auto","background-attachment":"scroll","background-type":"","background-media":"","overlay-type":"","overlay-color":"","overlay-opacity":"","overlay-gradient":""},"mobile":{"background-color":"var(--ast-global-color-5)","background-image":"","background-repeat":"repeat","background-position":"center center","background-size":"auto","background-attachment":"scroll","background-type":"","background-media":"","overlay-type":"","overlay-color":"","overlay-opacity":"","overlay-gradient":""}},"_joinchat":[]},"product_brand":[],"product_cat":[33],"product_tag":[],"class_list":{"0":"post-310","1":"product","2":"type-product","3":"status-publish","4":"has-post-thumbnail","6":"product_cat-linha-industrial","7":"desktop-align-left","8":"tablet-align-left","9":"mobile-align-left","11":"first","12":"instock","13":"shipping-taxable","14":"product-type-external"},"_links":{"self":[{"href":"https:\/\/duecozinhas.com.br\/site\/wp-json\/wp\/v2\/product\/310","targetHints":{"allow":["GET"]}}],"collection":[{"href":"https:\/\/duecozinhas.com.br\/site\/wp-json\/wp\/v2\/product"}],"about":[{"href":"https:\/\/duecozinhas.com.br\/site\/wp-json\/wp\/v2\/types\/product"}],"replies":[{"embeddable":true,"href":"https:\/\/duecozinhas.com.br\/site\/wp-json\/wp\/v2\/comments?post=310"}],"wp:featuredmedia":[{"embeddable":true,"href":"https:\/\/duecozinhas.com.br\/site\/wp-json\/wp\/v2\/media\/311"}],"wp:attachment":[{"href":"https:\/\/duecozinhas.com.br\/site\/wp-json\/wp\/v2\/media?parent=310"}],"wp:term":[{"taxonomy":"product_brand","embeddable":true,"href":"https:\/\/duecozinhas.com.br\/site\/wp-json\/wp\/v2\/product_brand?post=310"},{"taxonomy":"product_cat","embeddable":true,"href":"https:\/\/duecozinhas.com.br\/site\/wp-json\/wp\/v2\/product_cat?post=310"},{"taxonomy":"product_tag","embeddable":true,"href":"https:\/\/duecozinhas.com.br\/site\/wp-json\/wp\/v2\/product_tag?post=310"}],"curies":[{"name":"wp","href":"https:\/\/api.w.org\/{rel}","templated":true}]}}