{"id":871,"date":"2024-06-23T16:26:18","date_gmt":"2024-06-23T19:26:18","guid":{"rendered":"https:\/\/duecozinhas.com.br\/site\/?post_type=product&#038;p=871"},"modified":"2025-01-10T11:56:31","modified_gmt":"2025-01-10T14:56:31","slug":"forno-unox-speed-x-speed-oven-combinado","status":"publish","type":"product","link":"https:\/\/duecozinhas.com.br\/site\/produto\/forno-unox-speed-x-speed-oven-combinado\/","title":{"rendered":"Forno Unox Speed X &#8211; Speed Oven Combinado"},"content":{"rendered":"<p>Forno Speed Oven Unox Speed X: A Revolu\u00e7\u00e3o na Cozinha Profissional<\/p>\n<p>SPEED OVEN UNOX SPEED X &#8211; XEPA-1023-EXRS<\/p>\n<p>O Forno Speed Oven Unox Speed X \u00e9 uma inova\u00e7\u00e3o sem precedentes, sendo o \u00fanico equipamento do planeta a combinar a tecnologia de um forno combinado, de microondas e speed ovens em um s\u00f3 aparelho em vers\u00e3o compacta! Com essa uni\u00e3o de tecnologias e caracter\u00edsticas, o Speed X \u00e9 capaz de oferecer tudo de mais avan\u00e7ado para sua cozinha, al\u00e9m de uma versatilidade incompar\u00e1vel, proporcionando uma experi\u00eancia culin\u00e1ria \u00fanica e extremamente simplificada.<\/p>\n<p>Este forno avan\u00e7ado possui um magnetron, similar ao presente nos microondas, que garante uma rapidez inigual\u00e1vel no preparo dos alimentos. Al\u00e9m disso, as caracter\u00edsticas do forno combinado, como a capacidade de cozinhar ao vapor, assar e grelhar, s\u00e3o mantidas e potencializadas pela tecnologia speed oven. Essa combina\u00e7\u00e3o permite o preparo de pratos com qualidade superior em um tempo muito inferior, sem comprometer a textura e o sabor dos alimentos. Seja para a prepara\u00e7\u00e3o de refei\u00e7\u00f5es r\u00e1pidas em quiosques movimentados, ou at\u00e9 mesmo como apoio em cozinhas industriais e empresas de Catering, o Speed X \u00e9 o verdadeiro super-her\u00f3i  do food service, assegurando resultados perfeitos em tempo recorde.<\/p>\n<p>A agilidade nos preparos \u00e9 um dos maiores destaques do Forno Unox Speed X. A tecnologia de microondas integrada acelera o processo de coc\u00e7\u00e3o, enquanto as funcionalidades de forno combinado permitem ajustes precisos de temperatura e umidade. Isso significa que voc\u00ea pode cozinhar, aquecer e regenerar alimentos com uma efici\u00eancia que nenhum outro equipamento \u00e9 capaz de oferecer. Al\u00e9m disso, o formato compacto do Speed X o torna ideal para cozinhas com espa\u00e7o limitado, sem sacrificar a capacidade de produ\u00e7\u00e3o. Com o Unox Speed X, sua oper\u00e7\u00e3o se tornar\u00e1 um centro de inova\u00e7\u00e3o culin\u00e1ria, oferecendo no menor espa\u00e7o f\u00edsico e de tempo, uma experi\u00eancia e pratos de alt\u00edssima qualidade, com a rapidez e precis\u00e3o que o mercado atual exige.<br \/>\nAl\u00e9m de todas essas caracter\u00edsticas, o forno Unox Speed X, possui a lavagem autom\u00e1tica, o que significa, que ao final do dia, com apenas dois toques, o equipamento se higieniza e desliga sozinho! <\/p>\n<p>Quer tecnologia? Converse com a gente!<br \/>\nVenha para o futuro!<\/p>\n<p>Caracter\u00edsticas T\u00e9cnicas:<br \/>\nCapacidade: 10 Bandejas<br \/>\n\u2022\tGNs compat\u00edveis: Padr\u00e3o: 2\/3 GNs ou travessas utilizando acess\u00f3rio Grelha<br \/>\n\u2022\tEspa\u00e7amento entre Bandejas: 67 mm<br \/>\n\u2022\tDimens\u00f5es: 535x740x911 mm (LxPxA)<br \/>\n\u2022\tPeso: 107 kg<br \/>\n\u2022\tEnergia de aquecimento: El\u00e9trica<br \/>\n\u2022\tVoltagem: 220V<br \/>\n\u2022\tPot\u00eancia: 9,5 kW<br \/>\n\u2022\tFrequ\u00eancia: 50\/60 Hz<br \/>\n\u2022\tEntrada de \u00e1gua: \u00be \u201c<br \/>\n\u2022\tPress\u00e3o de \u00e1gua: 150 \u2013 600 KPa (1,5 \u2013 6 bar)<br \/>\n\u2022\tInstala\u00e7\u00e3o: Dist\u00e2ncia m\u00ednima no caso de fontes de calor no lado esquerdo de 350 mm. Equipamento exige instala\u00e7\u00e3o por um t\u00e9cnico especializado.<\/p>\n","protected":false},"excerpt":{"rendered":"[embed]https:\/\/www.youtube.com\/watch?v=LBZXx1NjiK8[\/embed]\n","protected":false},"featured_media":872,"comment_status":"closed","ping_status":"closed","template":"","meta":{"site-sidebar-layout":"default","site-content-layout":"","ast-site-content-layout":"default","site-content-style":"default","site-sidebar-style":"default","ast-global-header-display":"","ast-banner-title-visibility":"","ast-main-header-display":"","ast-hfb-above-header-display":"","ast-hfb-below-header-display":"","ast-hfb-mobile-header-display":"","site-post-title":"","ast-breadcrumbs-content":"","ast-featured-img":"","footer-sml-layout":"","theme-transparent-header-meta":"default","adv-header-id-meta":"","stick-header-meta":"","header-above-stick-meta":"","header-main-stick-meta":"","header-below-stick-meta":"","astra-migrate-meta-layouts":"set","ast-page-background-enabled":"default","ast-page-background-meta":{"desktop":{"background-color":"var(--ast-global-color-4)","background-image":"","background-repeat":"repeat","background-position":"center center","background-size":"auto","background-attachment":"scroll","background-type":"","background-media":"","overlay-type":"","overlay-color":"","overlay-opacity":"","overlay-gradient":""},"tablet":{"background-color":"","background-image":"","background-repeat":"repeat","background-position":"center center","background-size":"auto","background-attachment":"scroll","background-type":"","background-media":"","overlay-type":"","overlay-color":"","overlay-opacity":"","overlay-gradient":""},"mobile":{"background-color":"","background-image":"","background-repeat":"repeat","background-position":"center center","background-size":"auto","background-attachment":"scroll","background-type":"","background-media":"","overlay-type":"","overlay-color":"","overlay-opacity":"","overlay-gradient":""}},"ast-content-background-meta":{"desktop":{"background-color":"var(--ast-global-color-5)","background-image":"","background-repeat":"repeat","background-position":"center center","background-size":"auto","background-attachment":"scroll","background-type":"","background-media":"","overlay-type":"","overlay-color":"","overlay-opacity":"","overlay-gradient":""},"tablet":{"background-color":"var(--ast-global-color-5)","background-image":"","background-repeat":"repeat","background-position":"center center","background-size":"auto","background-attachment":"scroll","background-type":"","background-media":"","overlay-type":"","overlay-color":"","overlay-opacity":"","overlay-gradient":""},"mobile":{"background-color":"var(--ast-global-color-5)","background-image":"","background-repeat":"repeat","background-position":"center center","background-size":"auto","background-attachment":"scroll","background-type":"","background-media":"","overlay-type":"","overlay-color":"","overlay-opacity":"","overlay-gradient":""}},"_joinchat":[]},"product_brand":[],"product_cat":[40,32],"product_tag":[43,42,44,41],"class_list":{"0":"post-871","1":"product","2":"type-product","3":"status-publish","4":"has-post-thumbnail","6":"product_cat-fornos-unox","7":"product_cat-speed-ovens","8":"product_tag-forno-speed-oven-speed-x","9":"product_tag-forno-unox-speed-x","10":"product_tag-speed-oven-unox","11":"product_tag-speed-x","12":"desktop-align-left","13":"tablet-align-left","14":"mobile-align-left","16":"first","17":"instock","18":"sale","19":"shipping-taxable","20":"product-type-external"},"_links":{"self":[{"href":"https:\/\/duecozinhas.com.br\/site\/wp-json\/wp\/v2\/product\/871","targetHints":{"allow":["GET"]}}],"collection":[{"href":"https:\/\/duecozinhas.com.br\/site\/wp-json\/wp\/v2\/product"}],"about":[{"href":"https:\/\/duecozinhas.com.br\/site\/wp-json\/wp\/v2\/types\/product"}],"replies":[{"embeddable":true,"href":"https:\/\/duecozinhas.com.br\/site\/wp-json\/wp\/v2\/comments?post=871"}],"wp:featuredmedia":[{"embeddable":true,"href":"https:\/\/duecozinhas.com.br\/site\/wp-json\/wp\/v2\/media\/872"}],"wp:attachment":[{"href":"https:\/\/duecozinhas.com.br\/site\/wp-json\/wp\/v2\/media?parent=871"}],"wp:term":[{"taxonomy":"product_brand","embeddable":true,"href":"https:\/\/duecozinhas.com.br\/site\/wp-json\/wp\/v2\/product_brand?post=871"},{"taxonomy":"product_cat","embeddable":true,"href":"https:\/\/duecozinhas.com.br\/site\/wp-json\/wp\/v2\/product_cat?post=871"},{"taxonomy":"product_tag","embeddable":true,"href":"https:\/\/duecozinhas.com.br\/site\/wp-json\/wp\/v2\/product_tag?post=871"}],"curies":[{"name":"wp","href":"https:\/\/api.w.org\/{rel}","templated":true}]}}