{"id":902,"date":"2024-06-23T22:45:59","date_gmt":"2024-06-24T01:45:59","guid":{"rendered":"https:\/\/duecozinhas.com.br\/site\/?post_type=product&#038;p=902"},"modified":"2024-06-23T22:46:00","modified_gmt":"2024-06-24T01:46:00","slug":"forno-unox-cheftop-mind-maps-plus-compact-05-gns-2-3","status":"publish","type":"product","link":"https:\/\/duecozinhas.com.br\/site\/produto\/forno-unox-cheftop-mind-maps-plus-compact-05-gns-2-3\/","title":{"rendered":"Forno Unox Cheftop Mind Maps PLUS &#8211; Compact 05 gns 2\/3"},"content":{"rendered":"<p>Forno Unox Cheftop Mind Maps PLUS: A Revolu\u00e7\u00e3o da Cozinha Profissional em Vers\u00e3o \u201cMini\u201d<\/p>\n<p>CHEFTOP MIND.MAPS PLUS COMPACT \u2013 05 GNS 2\/3 &#8211;  PLUS XECC-0523-EPRM<\/p>\n<p>A tecnologia do futuro, em vers\u00e3o compacta. O futuro da cozinha profissional com o Forno Combinado Unox Cheftop Mind Maps PLUS Compact, um equipamento em vers\u00e3o reduzida que redefine o conceito de efici\u00eancia, precis\u00e3o e inova\u00e7\u00e3o na gastronomia em espa\u00e7os reduzidos. Projetado para atender \u00e0s necessidades dos chefs mais exigentes, o Cheftop Mind Maps PLUS Compact \u00e9 a solu\u00e7\u00e3o ideal para quem busca excel\u00eancia em cada prato mas que n\u00e3o possui espa\u00e7o para um equipamento em tamanho convencional. Este forno n\u00e3o \u00e9 apenas um equipamento de coc\u00e7\u00e3o; \u00e9 um verdadeiro aliado que transforma a rotina na cozinha em uma experi\u00eancia de alta performance, em um tamanho extremamente compacto.<\/p>\n<p>O grande diferencial do Cheftop Mind Maps PLUS est\u00e1 na sua avan\u00e7ada tecnologia de controle e programa\u00e7\u00e3o. Com a tecnologia Mind Maps PLUS, os chefs podem criar, ajustar e armazenar programas de coc\u00e7\u00e3o detalhados atrav\u00e9s de uma interface intuitiva e interativa. Esta funcionalidade permite uma personaliza\u00e7\u00e3o extrema, ajustando temperatura, umidade e velocidade do ventilador com precis\u00e3o milim\u00e9trica para cada tipo de prepara\u00e7\u00e3o. Seja para assar, grelhar, cozinhar a vapor ou regenerar, o Cheftop Mind Maps PLUS garante resultados perfeitos e consistentes, otimizando o tempo e elevando a qualidade dos pratos.<\/p>\n<p>Al\u00e9m de sua tecnologia avan\u00e7ada, o Cheftop Mind Maps PLUS se destaca pela robustez e efici\u00eancia energ\u00e9tica. Seu sistema de convec\u00e7\u00e3o de \u00faltima gera\u00e7\u00e3o assegura uma distribui\u00e7\u00e3o uniforme do calor, enquanto os sofisticados controles de umidade permitem criar o ambiente de coc\u00e7\u00e3o ideal para cada receita. Com componentes de alta qualidade e uma constru\u00e7\u00e3o robusta, este forno \u00e9 projetado para suportar o uso intenso das cozinhas profissionais, oferecendo durabilidade e desempenho confi\u00e1vel. Isso significa que cada prato sair\u00e1 do forno com a textura, o sabor e a apar\u00eancia desejados, independentemente da demanda.<\/p>\n<p>Ideal para quiosques, bistr\u00f4s, pequenos restaurantes, ou at\u00e9 mesmo para buffets, eventos, e \u00e1reas gourmets. Sua aplica\u00e7\u00e3o diferentemente da vers\u00e3o convencional, muito mais vers\u00e1til, entrega o melhor dos mundos, em um tamanho que cabe perfeitamente dentro de uma cozinha residencial. Descubra praticidade, e novos sabores, com um equipamento de ponta, em vers\u00e3o reduzida!<\/p>\n<p>Venha para o futuro!<\/p>\n<p>Caracter\u00edsticas T\u00e9cnicas:<\/p>\n<p>\u2022\tCapacidade: 5 GNs 2\/3<br \/>\n\u2022\tGNs compat\u00edveis: GN 2\/3<br \/>\n\u2022\tEspa\u00e7amento entre Bandejas: 67 mm<br \/>\n\u2022\tDimens\u00f5es: 535x872x649 mm (LxPxA)<br \/>\n\u2022\tPeso: 68 kg<br \/>\n\u2022\tEnergia de aquecimento: El\u00e9trica<br \/>\n\u2022\tVoltagem: 220V Trif\u00e1sico (3 fases + terra) \/ 380V Trif\u00e1sico (3 fases + neutro + terra)<br \/>\n\u2022\tPot\u00eancia: 9,3 kW<br \/>\n\u2022\tFrequ\u00eancia: 50\/60 Hz<br \/>\n\u2022\tEntrada de \u00e1gua: \u00be \u201c<br \/>\n\u2022\tPress\u00e3o de \u00e1gua: 150 \u2013 600 KPa (1,5 \u2013 6 bar)<br \/>\n\u2022\tSa\u00edda de \u00e1gua: 50 mm<br \/>\n\u2022\tInstala\u00e7\u00e3o: Dist\u00e2ncia m\u00ednima no caso de fontes de calor no lado esquerdo de 350 mm. Equipamento exige instala\u00e7\u00e3o por um t\u00e9cnico especializado.<br \/>\n\u2022\tObserva\u00e7\u00e3o: Ap\u00f3s compra do equipamento, favor seguir informativo t\u00e9cnico, que ser\u00e1 enviado, contendo todas as informa\u00e7\u00f5es obrigat\u00f3rias e necess\u00e1rias para a instala\u00e7\u00e3o correta do mesmo.<\/p>\n","protected":false},"excerpt":{"rendered":"[embed]https:\/\/youtu.be\/-uOEPjSd5wY[\/embed]\n","protected":false},"featured_media":903,"comment_status":"closed","ping_status":"closed","template":"","meta":{"site-sidebar-layout":"default","site-content-layout":"","ast-site-content-layout":"default","site-content-style":"default","site-sidebar-style":"default","ast-global-header-display":"","ast-banner-title-visibility":"","ast-main-header-display":"","ast-hfb-above-header-display":"","ast-hfb-below-header-display":"","ast-hfb-mobile-header-display":"","site-post-title":"","ast-breadcrumbs-content":"","ast-featured-img":"","footer-sml-layout":"","theme-transparent-header-meta":"default","adv-header-id-meta":"","stick-header-meta":"","header-above-stick-meta":"","header-main-stick-meta":"","header-below-stick-meta":"","astra-migrate-meta-layouts":"set","ast-page-background-enabled":"default","ast-page-background-meta":{"desktop":{"background-color":"var(--ast-global-color-4)","background-image":"","background-repeat":"repeat","background-position":"center center","background-size":"auto","background-attachment":"scroll","background-type":"","background-media":"","overlay-type":"","overlay-color":"","overlay-opacity":"","overlay-gradient":""},"tablet":{"background-color":"","background-image":"","background-repeat":"repeat","background-position":"center center","background-size":"auto","background-attachment":"scroll","background-type":"","background-media":"","overlay-type":"","overlay-color":"","overlay-opacity":"","overlay-gradient":""},"mobile":{"background-color":"","background-image":"","background-repeat":"repeat","background-position":"center center","background-size":"auto","background-attachment":"scroll","background-type":"","background-media":"","overlay-type":"","overlay-color":"","overlay-opacity":"","overlay-gradient":""}},"ast-content-background-meta":{"desktop":{"background-color":"var(--ast-global-color-5)","background-image":"","background-repeat":"repeat","background-position":"center center","background-size":"auto","background-attachment":"scroll","background-type":"","background-media":"","overlay-type":"","overlay-color":"","overlay-opacity":"","overlay-gradient":""},"tablet":{"background-color":"var(--ast-global-color-5)","background-image":"","background-repeat":"repeat","background-position":"center center","background-size":"auto","background-attachment":"scroll","background-type":"","background-media":"","overlay-type":"","overlay-color":"","overlay-opacity":"","overlay-gradient":""},"mobile":{"background-color":"var(--ast-global-color-5)","background-image":"","background-repeat":"repeat","background-position":"center center","background-size":"auto","background-attachment":"scroll","background-type":"","background-media":"","overlay-type":"","overlay-color":"","overlay-opacity":"","overlay-gradient":""}},"_joinchat":[]},"product_brand":[],"product_cat":[40,30],"product_tag":[],"class_list":{"0":"post-902","1":"product","2":"type-product","3":"status-publish","4":"has-post-thumbnail","6":"product_cat-fornos-unox","7":"product_cat-fornos-combinados","8":"desktop-align-left","9":"tablet-align-left","10":"mobile-align-left","12":"first","13":"instock","14":"sale","15":"shipping-taxable","16":"product-type-external"},"_links":{"self":[{"href":"https:\/\/duecozinhas.com.br\/site\/wp-json\/wp\/v2\/product\/902","targetHints":{"allow":["GET"]}}],"collection":[{"href":"https:\/\/duecozinhas.com.br\/site\/wp-json\/wp\/v2\/product"}],"about":[{"href":"https:\/\/duecozinhas.com.br\/site\/wp-json\/wp\/v2\/types\/product"}],"replies":[{"embeddable":true,"href":"https:\/\/duecozinhas.com.br\/site\/wp-json\/wp\/v2\/comments?post=902"}],"wp:featuredmedia":[{"embeddable":true,"href":"https:\/\/duecozinhas.com.br\/site\/wp-json\/wp\/v2\/media\/903"}],"wp:attachment":[{"href":"https:\/\/duecozinhas.com.br\/site\/wp-json\/wp\/v2\/media?parent=902"}],"wp:term":[{"taxonomy":"product_brand","embeddable":true,"href":"https:\/\/duecozinhas.com.br\/site\/wp-json\/wp\/v2\/product_brand?post=902"},{"taxonomy":"product_cat","embeddable":true,"href":"https:\/\/duecozinhas.com.br\/site\/wp-json\/wp\/v2\/product_cat?post=902"},{"taxonomy":"product_tag","embeddable":true,"href":"https:\/\/duecozinhas.com.br\/site\/wp-json\/wp\/v2\/product_tag?post=902"}],"curies":[{"name":"wp","href":"https:\/\/api.w.org\/{rel}","templated":true}]}}