{"id":927,"date":"2024-06-25T12:26:19","date_gmt":"2024-06-25T15:26:19","guid":{"rendered":"https:\/\/duecozinhas.com.br\/site\/?post_type=product&#038;p=927"},"modified":"2024-06-25T15:23:07","modified_gmt":"2024-06-25T18:23:07","slug":"optic-kit-cheftop-x","status":"publish","type":"product","link":"https:\/\/duecozinhas.com.br\/site\/produto\/optic-kit-cheftop-x\/","title":{"rendered":"Kit de Reconhecimento \u00d3tico &#8211; Optic Kit &#8211; Cheftop X"},"content":{"rendered":"<h3>KIT OPTICO EXCLUSIVO PARA FORNO COMBINADO CHEFTOP X<\/h3>\n<h3>CHEFTOP X \u2013 OPTIC KIT\u00a0 (somente o kit\u00a0 &#8211; forno n\u00e3o incluso)<\/h3>\n<h4>XEDOA-11-L<\/h4>\n<p>&nbsp;<\/p>\n<p>Transforme a rotina da sua cozinha com o KIT OTICO para o Forno Combinado Unox Cheftop X, com este acess\u00f3rio seu equipamento ganhar\u00e1 um novo sentido <strong>\u2013 A VIS\u00c3O<\/strong>.<\/p>\n<p><strong>Surpreenda-se<\/strong> com toda tecnologia embargada, ao entregar o sentido da vis\u00e3o ao seu equipamento. Seu forno agora, ser\u00e1 capaz de identificar os alimentos carregados, e a posi\u00e7\u00e3o da bandeja alocada em cada carregamento. Al\u00e9m disso o forno automaticamente carregar\u00e1 a receita para confirma\u00e7\u00e3o do usu\u00e1rio, al\u00e9m de garantir precis\u00e3o na posi\u00e7\u00e3o das gns, o forno ser\u00e1 capaz de automatizar o processo de carregamento.<\/p>\n<p><strong>Encante-se<\/strong> com a conex\u00e3o ponta-ponta onde a receita poder\u00e1 ser visualizada em tempo real, converse remotamente com o chef, corrija e ajuste receitas, tudo de forma remota, ondemand, e ao vivo!<\/p>\n<p>&nbsp;<\/p>\n<p>Venha para o futuro!<\/p>\n<p>&nbsp;<\/p>\n<p>Caracter\u00edsticas T\u00e9cnicas:<\/p>\n<ul>\n<li><strong>Compatibilidade: Padr\u00e3o:<\/strong>\u00a0Cheftop X, 6 e 10<\/li>\n<li><strong>Dimens\u00f5es:<\/strong>\u00a0535x872x105 mm (LxPxA)<\/li>\n<li><strong>Peso:<\/strong>\u00a011 kg<\/li>\n<\/ul>\n","protected":false},"excerpt":{"rendered":"<p>[embed]https:\/\/youtu.be\/-uOEPjSd5wY[\/embed]<br \/>\nXEDOA-11-L<\/p>\n","protected":false},"featured_media":881,"comment_status":"closed","ping_status":"closed","template":"","meta":{"site-sidebar-layout":"default","site-content-layout":"","ast-site-content-layout":"default","site-content-style":"default","site-sidebar-style":"default","ast-global-header-display":"","ast-banner-title-visibility":"","ast-main-header-display":"","ast-hfb-above-header-display":"","ast-hfb-below-header-display":"","ast-hfb-mobile-header-display":"","site-post-title":"","ast-breadcrumbs-content":"","ast-featured-img":"","footer-sml-layout":"","theme-transparent-header-meta":"default","adv-header-id-meta":"","stick-header-meta":"","header-above-stick-meta":"","header-main-stick-meta":"","header-below-stick-meta":"","astra-migrate-meta-layouts":"set","ast-page-background-enabled":"default","ast-page-background-meta":{"desktop":{"background-color":"var(--ast-global-color-4)","background-image":"","background-repeat":"repeat","background-position":"center center","background-size":"auto","background-attachment":"scroll","background-type":"","background-media":"","overlay-type":"","overlay-color":"","overlay-opacity":"","overlay-gradient":""},"tablet":{"background-color":"","background-image":"","background-repeat":"repeat","background-position":"center center","background-size":"auto","background-attachment":"scroll","background-type":"","background-media":"","overlay-type":"","overlay-color":"","overlay-opacity":"","overlay-gradient":""},"mobile":{"background-color":"","background-image":"","background-repeat":"repeat","background-position":"center center","background-size":"auto","background-attachment":"scroll","background-type":"","background-media":"","overlay-type":"","overlay-color":"","overlay-opacity":"","overlay-gradient":""}},"ast-content-background-meta":{"desktop":{"background-color":"var(--ast-global-color-5)","background-image":"","background-repeat":"repeat","background-position":"center center","background-size":"auto","background-attachment":"scroll","background-type":"","background-media":"","overlay-type":"","overlay-color":"","overlay-opacity":"","overlay-gradient":""},"tablet":{"background-color":"var(--ast-global-color-5)","background-image":"","background-repeat":"repeat","background-position":"center center","background-size":"auto","background-attachment":"scroll","background-type":"","background-media":"","overlay-type":"","overlay-color":"","overlay-opacity":"","overlay-gradient":""},"mobile":{"background-color":"var(--ast-global-color-5)","background-image":"","background-repeat":"repeat","background-position":"center center","background-size":"auto","background-attachment":"scroll","background-type":"","background-media":"","overlay-type":"","overlay-color":"","overlay-opacity":"","overlay-gradient":""}},"_joinchat":[]},"product_brand":[],"product_cat":[40,30],"product_tag":[70,71],"class_list":{"0":"post-927","1":"product","2":"type-product","3":"status-publish","4":"has-post-thumbnail","6":"product_cat-fornos-unox","7":"product_cat-fornos-combinados","8":"product_tag-kit-optico-cheftop-x","9":"product_tag-kit-otico-unox-cheftop-x","10":"desktop-align-left","11":"tablet-align-left","12":"mobile-align-left","14":"first","15":"instock","16":"shipping-taxable","17":"product-type-external"},"_links":{"self":[{"href":"https:\/\/duecozinhas.com.br\/site\/wp-json\/wp\/v2\/product\/927","targetHints":{"allow":["GET"]}}],"collection":[{"href":"https:\/\/duecozinhas.com.br\/site\/wp-json\/wp\/v2\/product"}],"about":[{"href":"https:\/\/duecozinhas.com.br\/site\/wp-json\/wp\/v2\/types\/product"}],"replies":[{"embeddable":true,"href":"https:\/\/duecozinhas.com.br\/site\/wp-json\/wp\/v2\/comments?post=927"}],"wp:featuredmedia":[{"embeddable":true,"href":"https:\/\/duecozinhas.com.br\/site\/wp-json\/wp\/v2\/media\/881"}],"wp:attachment":[{"href":"https:\/\/duecozinhas.com.br\/site\/wp-json\/wp\/v2\/media?parent=927"}],"wp:term":[{"taxonomy":"product_brand","embeddable":true,"href":"https:\/\/duecozinhas.com.br\/site\/wp-json\/wp\/v2\/product_brand?post=927"},{"taxonomy":"product_cat","embeddable":true,"href":"https:\/\/duecozinhas.com.br\/site\/wp-json\/wp\/v2\/product_cat?post=927"},{"taxonomy":"product_tag","embeddable":true,"href":"https:\/\/duecozinhas.com.br\/site\/wp-json\/wp\/v2\/product_tag?post=927"}],"curies":[{"name":"wp","href":"https:\/\/api.w.org\/{rel}","templated":true}]}}