{"id":949,"date":"2024-06-26T23:35:04","date_gmt":"2024-06-27T02:35:04","guid":{"rendered":"https:\/\/duecozinhas.com.br\/site\/?post_type=product&#038;p=949"},"modified":"2024-06-26T23:40:47","modified_gmt":"2024-06-27T02:40:47","slug":"forno-combinado-unox-cheftop-x-10gns","status":"publish","type":"product","link":"https:\/\/duecozinhas.com.br\/site\/produto\/forno-combinado-unox-cheftop-x-10gns\/","title":{"rendered":"Forno Combinado Unox ChefTop X &#8211; 10gns"},"content":{"rendered":"<h3>Forno Unox ChefTop X: O Futuro da Gastronomia Chegou<\/h3>\n<h3>XEDA-1011-EXRS<\/h3>\n<p>Apresentamos o Forno Unox ChefTop X, o equipamento de gastronomia mais avan\u00e7ado do planeta. Este forno revolucion\u00e1rio est\u00e1 transformando cozinhas profissionais com sua capacidade \u00fanica de reconhecer automaticamente os alimentos atrav\u00e9s de sensores \u00f3pticos. O ChefTop X n\u00e3o s\u00f3 identifica os ingredientes com precis\u00e3o, mas tamb\u00e9m ajusta as receitas, tempos de preparo e carga de forma automatizada, proporcionando uma experi\u00eancia culin\u00e1ria sem precedentes.<\/p>\n<p>Imagine um forno que pensa por voc\u00ea, adaptando-se a cada prato com uma perfei\u00e7\u00e3o que s\u00f3 a tecnologia de ponta pode oferecer. Com o ChefTop X, a inova\u00e7\u00e3o est\u00e1 em cada detalhe: desde a interface intuitiva que permite o controle total com um simples toque, at\u00e9 os algoritmos avan\u00e7ados que garantem a consist\u00eancia e a qualidade de cada prepara\u00e7\u00e3o. Este equipamento n\u00e3o \u00e9 apenas um forno; \u00e9 um parceiro inteligente que eleva sua cozinha a n\u00edveis nunca antes alcan\u00e7ados.<\/p>\n<p>Transforme sua cozinha com o Forno Unox ChefTop X. Este \u00e9 mais do que um avan\u00e7o tecnol\u00f3gico; \u00e9 uma revolu\u00e7\u00e3o na arte de cozinhar. Proporcione aos seus clientes uma experi\u00eancia gastron\u00f4mica inigual\u00e1vel, onde cada prato \u00e9 uma obra-prima, gra\u00e7as \u00e0 precis\u00e3o e \u00e0 intelig\u00eancia do ChefTop X. Seja um pioneiro e transforme sua cozinha com o poder da automa\u00e7\u00e3o e da intelig\u00eancia artificial. O futuro da gastronomia est\u00e1 aqui, e ele come\u00e7a com o Forno Unox ChefTop X.<\/p>\n<div class=\"ast-oembed-container \" style=\"height: 100%;\"><iframe title=\"Forno Unox Cheftop X - O mais avan\u00e7ado Forno Combinado do Mundo\" width=\"500\" height=\"281\" src=\"https:\/\/www.youtube.com\/embed\/mOcSqKD4iZs?feature=oembed&#038;enablejsapi=1&#038;origin=https:\/\/duecozinhas.com.br\" frameborder=\"0\" allow=\"accelerometer; autoplay; clipboard-write; encrypted-media; gyroscope; picture-in-picture; web-share\" referrerpolicy=\"strict-origin-when-cross-origin\" allowfullscreen><\/iframe><\/div>\n<p>&nbsp;<\/p>\n<p>Caracter\u00edsticas T\u00e9cnicas:<\/p>\n<p><strong>Capacidade:<\/strong> 10 GNs<br \/>\n<strong>GNs Compat\u00edveis:<\/strong> Padr\u00e3o: 1\/1 GN GNs de 1\/2, 1\/3 e 2\/3 entram, por\u00e9m necessitam de grelha 1\/1 GN como apoio<br \/>\n<strong>Espa\u00e7amento entre trilhos:<\/strong> 67 mm<br \/>\n<strong>Dimens\u00f5es:<\/strong> 750x783x1010 mm (LxPxA)<br \/>\n<strong>Peso:<\/strong> 85kg<br \/>\n<strong>Energia de Aquecimento:<\/strong> El\u00e9trica<br \/>\n<strong>Voltagem:<\/strong> 220 trif \/ 380v \/trif<br \/>\n<strong>Pot\u00eancia:<\/strong> 18,5 kW<br \/>\n<strong>Frequ\u00eancia:<\/strong> 50\/60 Hz<br \/>\n<strong>Entrada de \u00c1gua:<\/strong> \u00be \u201c<br \/>\n<strong>Press\u00e3o de \u00c1gua:<\/strong> 300 KPa (3 bar)<br \/>\n<strong>Sa\u00edda de \u00c1gua:<\/strong> 50 mm<\/p>\n<p><strong>Instala\u00e7\u00e3o:<\/strong>\u00a0Dist\u00e2ncia m\u00ednima no caso de fontes de calor no lado direito de 350 mm. Equipamento exige instala\u00e7\u00e3o por um t\u00e9cnico especializado<\/p>\n","protected":false},"excerpt":{"rendered":"[embed]https:\/\/youtu.be\/mOcSqKD4iZs[\/embed]\n","protected":false},"featured_media":883,"comment_status":"closed","ping_status":"closed","template":"","meta":{"site-sidebar-layout":"default","site-content-layout":"","ast-site-content-layout":"default","site-content-style":"default","site-sidebar-style":"default","ast-global-header-display":"","ast-banner-title-visibility":"","ast-main-header-display":"","ast-hfb-above-header-display":"","ast-hfb-below-header-display":"","ast-hfb-mobile-header-display":"","site-post-title":"","ast-breadcrumbs-content":"","ast-featured-img":"","footer-sml-layout":"","theme-transparent-header-meta":"default","adv-header-id-meta":"","stick-header-meta":"","header-above-stick-meta":"","header-main-stick-meta":"","header-below-stick-meta":"","astra-migrate-meta-layouts":"set","ast-page-background-enabled":"default","ast-page-background-meta":{"desktop":{"background-color":"var(--ast-global-color-4)","background-image":"","background-repeat":"repeat","background-position":"center center","background-size":"auto","background-attachment":"scroll","background-type":"","background-media":"","overlay-type":"","overlay-color":"","overlay-opacity":"","overlay-gradient":""},"tablet":{"background-color":"","background-image":"","background-repeat":"repeat","background-position":"center center","background-size":"auto","background-attachment":"scroll","background-type":"","background-media":"","overlay-type":"","overlay-color":"","overlay-opacity":"","overlay-gradient":""},"mobile":{"background-color":"","background-image":"","background-repeat":"repeat","background-position":"center center","background-size":"auto","background-attachment":"scroll","background-type":"","background-media":"","overlay-type":"","overlay-color":"","overlay-opacity":"","overlay-gradient":""}},"ast-content-background-meta":{"desktop":{"background-color":"var(--ast-global-color-5)","background-image":"","background-repeat":"repeat","background-position":"center center","background-size":"auto","background-attachment":"scroll","background-type":"","background-media":"","overlay-type":"","overlay-color":"","overlay-opacity":"","overlay-gradient":""},"tablet":{"background-color":"var(--ast-global-color-5)","background-image":"","background-repeat":"repeat","background-position":"center center","background-size":"auto","background-attachment":"scroll","background-type":"","background-media":"","overlay-type":"","overlay-color":"","overlay-opacity":"","overlay-gradient":""},"mobile":{"background-color":"var(--ast-global-color-5)","background-image":"","background-repeat":"repeat","background-position":"center center","background-size":"auto","background-attachment":"scroll","background-type":"","background-media":"","overlay-type":"","overlay-color":"","overlay-opacity":"","overlay-gradient":""}},"_joinchat":[]},"product_brand":[],"product_cat":[40,30],"product_tag":[98,97,92],"class_list":{"0":"post-949","1":"product","2":"type-product","3":"status-publish","4":"has-post-thumbnail","6":"product_cat-fornos-unox","7":"product_cat-fornos-combinados","8":"product_tag-forno-cheftop-x-10gns","9":"product_tag-forno-combinado-unox-cheftop-x-10gns","10":"product_tag-forno-unox-cheftop-x","11":"desktop-align-left","12":"tablet-align-left","13":"mobile-align-left","15":"first","16":"instock","17":"shipping-taxable","18":"product-type-external"},"_links":{"self":[{"href":"https:\/\/duecozinhas.com.br\/site\/wp-json\/wp\/v2\/product\/949","targetHints":{"allow":["GET"]}}],"collection":[{"href":"https:\/\/duecozinhas.com.br\/site\/wp-json\/wp\/v2\/product"}],"about":[{"href":"https:\/\/duecozinhas.com.br\/site\/wp-json\/wp\/v2\/types\/product"}],"replies":[{"embeddable":true,"href":"https:\/\/duecozinhas.com.br\/site\/wp-json\/wp\/v2\/comments?post=949"}],"wp:featuredmedia":[{"embeddable":true,"href":"https:\/\/duecozinhas.com.br\/site\/wp-json\/wp\/v2\/media\/883"}],"wp:attachment":[{"href":"https:\/\/duecozinhas.com.br\/site\/wp-json\/wp\/v2\/media?parent=949"}],"wp:term":[{"taxonomy":"product_brand","embeddable":true,"href":"https:\/\/duecozinhas.com.br\/site\/wp-json\/wp\/v2\/product_brand?post=949"},{"taxonomy":"product_cat","embeddable":true,"href":"https:\/\/duecozinhas.com.br\/site\/wp-json\/wp\/v2\/product_cat?post=949"},{"taxonomy":"product_tag","embeddable":true,"href":"https:\/\/duecozinhas.com.br\/site\/wp-json\/wp\/v2\/product_tag?post=949"}],"curies":[{"name":"wp","href":"https:\/\/api.w.org\/{rel}","templated":true}]}}